{"id":2789,"date":"2016-10-19T17:52:28","date_gmt":"2016-10-19T15:52:28","guid":{"rendered":"http:\/\/hocinfo.fr\/?page_id=2789"},"modified":"2016-10-19T17:59:41","modified_gmt":"2016-10-19T15:59:41","slug":"conduite-de-projets","status":"publish","type":"page","link":"https:\/\/hocinfo.com\/index.php\/conduite-de-projets\/","title":{"rendered":"Conduite de projets"},"content":{"rendered":"<div class=\"module-title\">\n<p class=\"title\"><strong>Nos intervenants consultants &amp; chefs de projets sont tous seniors, certifi\u00e9s ITIL V3 et peuvent intervenir sur les prestations suivantes :<\/strong><\/p>\n<p class=\"title\"><strong>\u00a0<\/strong><\/p>\n<p class=\"title\"><div class=\"accordion-container\"> <div class=\"accordion-title\">AMOA Projets transfert, migration, nouvelles implantations ...<span class=\"ac-indicator\"><\/span><\/div><div class=\"pane\">Parce que les entreprises \u00e9voluent en permanence (croissance, nouveaux march\u00e9s, fusions\/acquisitions, rationalisation des moyens &#8230;), elles doivent r\u00e9guli\u00e8rement s&rsquo;adapter en op\u00e9rant des changements d&rsquo;ordre organisationnels et\/ou technologiques. Ces changements se traduisent par des projets d&rsquo;envergure demandant une vision transverse de l&rsquo;ensemble des fonctions de l&rsquo;entreprise et des domaines impact\u00e9s.<\/p>\n<p>Hoc Info assure des missions d&rsquo;assistance \u00e0 maitrise d&rsquo;ouvrage sur des projets de relocalisation compl\u00e8te ou partielle des moyens de production et des ressources humaines de l&rsquo;entreprise.<\/p>\n<p>Nous sommes sp\u00e9cialis\u00e9s sur les infrastructures d&rsquo;immeuble, informatique et t\u00e9l\u00e9coms (du poste de travail individuel au data center), et, suite \u00e0 de nombreux projets r\u00e9ussis, nous avons affin\u00e9 une m\u00e9thodologie sp\u00e9cifique pour ces op\u00e9rations de transfert\/d\u00e9m\u00e9nagement techniques et humains.<\/p>\n<p><strong>Nous intervenons sur tout le cycle projet :<\/strong><\/p>\n<div class=\"tabs-container\"><ul class=\"tabs \"><li class=\"w2\"><a href=\"#\">1 - Phase Etudes<\/a><\/li><li class=\"w2\"><a href=\"#\"> 2 - Phase conception<\/a><\/li><li class=\"w2\"><a href=\"#\"> 3 - Phase r\u00e9alisation<\/a><\/li><li class=\"w2\"><a href=\"#\"> 4 - Phase Bilan<\/a><\/li><li class=\"w2\"><a href=\"#\"> Pendant toute la dur\u00e9e du projet<\/a><\/li><\/ul><div class=\"panes\"> <div><\/p>\n<ul>\n<li>L&rsquo;\u00e9laboration de strat\u00e9gie projet,<\/li>\n<li>Analyse de l\u2019existant et des dysfonctionnements,<\/li>\n<li>Prise en compte des nouvelles normes environnementales,<\/li>\n<li>Identification des besoins, des risques, des impacts connexes (s\u00e9curit\u00e9, acc\u00e8s, RH,&#8230;).<\/li>\n<\/ul>\n<p><div class=\"clear\"><\/div><\/div> <div><\/p>\n<ul>\n<ul>\n<li>Participation \u00e0 l&rsquo;\u00e9laboration le la solution cible (architecture, implantation, &#8230;), des plans de bascule et de retour arri\u00e8re,<\/li>\n<\/ul>\n<\/ul>\n<p>&lt;li\u00a0\u00bb&gt;Cr\u00e9ation du planning,<\/p>\n<ul>\n<ul>\n<li>Mise en place des instances de d\u00e9cision (Comit\u00e9s de pilotage),<\/li>\n<\/ul>\n<\/ul>\n<p>&lt;li\u00a0\u00bb&gt;Mise en place du plan de communication, &lt;li\u00a0\u00bb&gt;Participation \u00e0 la r\u00e9daction des CCTP, et au d\u00e9pouillement des r\u00e9ponses, &lt;li\u00a0\u00bb&gt;R\u00e9daction des livrables contractuels.<\/p>\n<p><div class=\"clear\"><\/div><\/div> <div><\/p>\n<ul>\n<li>Application de la m\u00e9thodologie HOC INFO pour renforcement de la productivit\u00e9 et de la qualit\u00e9,<\/li>\n<li>Pilotage de la mise en \u0153uvre, coordination des chantiers, des \u00e9quipes, &#8230;<\/li>\n<li>R\u00e9ception, recettes.<\/li>\n<\/ul>\n<p><div class=\"clear\"><\/div><\/div> <div>Bilan de projet<div class=\"clear\"><\/div><\/div> <div><\/p>\n<ul>\n<li>Direction et coordination des activit\u00e9s,<\/li>\n<li>Suivi du planning, reporting et suivi des co\u00fbts,<\/li>\n<li>Organisation et animation des r\u00e9unions,<\/li>\n<li>Communication vers les diff\u00e9rents acteurs.<\/li>\n<\/ul>\n<p><div class=\"clear\"><\/div><\/div> <\/div><\/div>\n<p><div class=\"clear\"><\/div><\/div> <div class=\"accordion-title\">AMOA sp\u00e9cialis\u00e9e de gestion des infrastructures d'immeuble, informatiques et t\u00e9l\u00e9coms ...<span class=\"ac-indicator\"><\/span><\/div><div class=\"pane\">Les technologies de l&rsquo;information (TIC) ont une place pr\u00e9pond\u00e9rante dans le fonctionnement des entreprises et n\u00e9cessitent des infrastructures solides, \u00e9conomiques et \u00e9volutives, car elles sont le socle essentiel \u00e0 la continuit\u00e9 des affaires.<\/p>\n<p>La gestion ad\u00e9quate des projets, la conception qualifi\u00e9e, la construction et l&rsquo;exploitation sont incontournables pour mettre en \u0153uvre et maintenir des services d&rsquo;infrastructure fiables.<\/p>\n<p>Hoc Info assure des missions d&rsquo;assistance \u00e0 maitrise d&rsquo;ouvrage sur des projets de r\u00e9habilitation, restructuration, transfert des infrastructures d&rsquo;immeuble, informatiques et t\u00e9l\u00e9coms.<\/p>\n<p><strong>Nous intervenons sur tout le cycle projet :<\/strong><\/p>\n<div class=\"tabs-container\"><ul class=\"tabs \"><li class=\"w2\"><a href=\"#\">1 - Phase Etudes<\/a><\/li><li class=\"w2\"><a href=\"#\"> 2 - Phase conception<\/a><\/li><li class=\"w2\"><a href=\"#\"> 3 - Phase r\u00e9alisation<\/a><\/li><li class=\"w2\"><a href=\"#\"> 4 - Phase Bilan<\/a><\/li><li class=\"w2\"><a href=\"#\"> Pendant toute la dur\u00e9e du projet<\/a><\/li><\/ul><div class=\"panes\"> <div><\/p>\n<ul>\n<li>L&rsquo;\u00e9laboration de strat\u00e9gie projet,<\/li>\n<li>Analyse de l\u2019existant et des dysfonctionnements,<\/li>\n<li>Identification des besoins, des risques, des impacts connexes (s\u00e9curit\u00e9, acc\u00e8s, RH,&#8230;).<\/li>\n<\/ul>\n<p><div class=\"clear\"><\/div><\/div> <div><\/p>\n<ul>\n<li>Participation \u00e0 l&rsquo;\u00e9laboration de la solution cible (architecture, implantation, &#8230;), des plans de bascule et de retour arri\u00e8re,<\/li>\n<li>Cr\u00e9ation du planning,<\/li>\n<li>Mise en place des instances de d\u00e9cision (Comit\u00e9s de pilotage),<\/li>\n<li>Mise en place du plan de communication,<\/li>\n<li>Participation \u00e0 la r\u00e9daction des CCTP, et au d\u00e9pouillement des r\u00e9ponses,<\/li>\n<li>R\u00e9daction des livrables contractuels.<\/li>\n<\/ul>\n<p><div class=\"clear\"><\/div><\/div> <div><\/p>\n<ul>\n<li>Application de la m\u00e9thodologie HOC INFO pour renforcement de la productivit\u00e9 et de la qualit\u00e9,<\/li>\n<li>Pilotage de la mise en \u0153uvre, coordination des chantiers, des \u00e9quipes, &#8230;<\/li>\n<li>R\u00e9ception, recettes.<\/li>\n<\/ul>\n<p><div class=\"clear\"><\/div><\/div> <div>Bilan de projet<div class=\"clear\"><\/div><\/div> <div><\/p>\n<ul>\n<li>Direction et coordination des activit\u00e9s,<\/li>\n<li>Suivi du planning, reporting et suivi des co\u00fbts,<\/li>\n<li>Organisation et animation des r\u00e9unions,<\/li>\n<li>Communication vers les diff\u00e9rents acteurs.<\/li>\n<\/ul>\n<p><div class=\"clear\"><\/div><\/div> <\/div><\/div>\n<p><div class=\"clear\"><\/div><\/div> <div class=\"accordion-title\">MOE - Gestion &amp; Transfert des infrastructures<span class=\"ac-indicator\"><\/span><\/div><div class=\"pane\">Hoc Info dispose aussi de chefs de projets, d&rsquo;\u00e9quipes d&rsquo;ing\u00e9nieurs et de techniciens de terrain pouvant intervenir lors de la mise en \u0153uvre des projets.<\/p>\n<p>Que ce soit pour le r\u00e9agencement de vos locaux, la redistribution de l\u2019environnement de travail, le transfert vers un autre \u00e9tage ou le d\u00e9m\u00e9nagement vers un nouvelle adresse, nous vous accompagnons dans la phase de conception et prenons en charge la r\u00e9alisation :<\/p>\n<p><strong>Nous sommes en mesure de vous apporter notre exp\u00e9rience, gr\u00e2ce \u00e0 nos partenaires.<\/strong><\/p>\n<h5>Ensemble :<\/h5>\n<ul>\n<li>Nous \u00e9tudions votre projet,<\/li>\n<li>Nous mettons \u00e0 votre disposition nos sp\u00e9cialistes (Space planer, chefs de projet, \u00e9lectriciens\u2026),<\/li>\n<li>Nous d\u00e9finissons les co\u00fbts en respectant vos d\u00e9lais et contraintes budg\u00e9taires,<\/li>\n<li>Nous suivons pour vous le bon d\u00e9roulement des op\u00e9rations en corr\u00e9lation des plannings,<\/li>\n<li>Nous assurons le reporting temps r\u00e9el des op\u00e9rations vers l&rsquo;AMOA et\/ou la MOA,<\/li>\n<li>Nous validons la r\u00e9alisation du projet et nous vous accompagnons jusqu\u2019\u00e0 la bonne ex\u00e9cution de celui-ci,<\/li>\n<\/ul>\n<p>Nous sommes pr\u00e9sents tout au long du parcours, nous vous garantissons le bon ach\u00e8vement de votre projet.<\/p>\n<h5>Dans le cadre d\u2019un transfert physique intra b\u00e2timent ou sur un nouveau lieu, nos \u00e9quipes prennent en charge toutes les t\u00e2ches permettant de mener \u00e0 bien ce transfert tout en vous garantissant :<\/h5>\n<ul>\n<li>Inventaire physique des mat\u00e9riels<\/li>\n<li>Etiquetage des mat\u00e9riels qui d\u00e9m\u00e9nagent (ordinateur, \u00e9cran, imprimante, scanner, fax\u2026), nos sp\u00e9cialistes passent dans les bureaux, identifient au moyens d\u2019\u00e9tiquettes ce qui doit partir<\/li>\n<li>Inventaire administratif (mobiliers, documents de travail, archives\u2026). Nous d\u00e9finissons avec vous ce que vous souhaitez garder ou jeter, nous vous aidons dans la pr\u00e9paration de vos cartons et prenons en charge l\u2019\u00e9tiquetage de ceux-ci.<\/li>\n<li>Conditionnement de vos \u00e9quipements dans des caissons pr\u00e9vus \u00e0 cet effet, appel\u00e9 \u00e9galement \u00ab fly cases \u00bb<\/li>\n<li>Transport et acheminement sur votre nouveau lieu.<\/li>\n<li>D\u00e9ballage et positionnement de vos mat\u00e9riels,<\/li>\n<li>Reconnexion \u00e9lectrique et reconnexion informatique. Nos \u00e9quipes testent le bon fonctionnement des mat\u00e9riels et r\u00e9alisent avec vous, les tests de bon fonctionnement.<\/li>\n<li>Mise \u00e0 disposition, post transfert, des \u00ab faciliteurs \u00bb sur 1 ou plusieurs jours, selon le besoin d\u00e9fini en amont ; ils sont \u00e0 votre disposition pour toute modification que vous souhaiteriez apporter dans votre nouvel environnement de travail en accord avec les choix d\u00e9finis par l\u2019Entreprise.<br \/>\n<div class=\"clear\"><\/div><\/div> <\/div><\/li>\n<\/ul>\n<\/div>\n","protected":false},"excerpt":{"rendered":"<p>Nos intervenants consultants &amp; chefs de projets sont tous seniors, certifi\u00e9s ITIL V3 et peuvent intervenir sur les prestations suivantes [&hellip;]<\/p>\n","protected":false},"author":1,"featured_media":0,"parent":0,"menu_order":0,"comment_status":"closed","ping_status":"closed","template":"template-full-custom.php","meta":{"footnotes":""},"class_list":["post-2789","page","type-page","status-publish","hentry"],"yoast_head":"<!-- This site is optimized with the Yoast SEO plugin v26.9 - https:\/\/yoast.com\/product\/yoast-seo-wordpress\/ -->\n<title>Conduite de projets - HOC INFO<\/title>\n<meta name=\"robots\" content=\"index, follow, max-snippet:-1, max-image-preview:large, max-video-preview:-1\" \/>\n<link rel=\"canonical\" href=\"https:\/\/hocinfo.com\/index.php\/conduite-de-projets\/\" \/>\n<meta property=\"og:locale\" content=\"fr_FR\" \/>\n<meta property=\"og:type\" content=\"article\" \/>\n<meta property=\"og:title\" content=\"Conduite de projets - HOC INFO\" \/>\n<meta property=\"og:description\" content=\"Nos intervenants consultants &amp; chefs de projets sont tous seniors, certifi\u00e9s ITIL V3 et peuvent intervenir sur les prestations suivantes [&hellip;]\" \/>\n<meta property=\"og:url\" content=\"https:\/\/hocinfo.com\/index.php\/conduite-de-projets\/\" \/>\n<meta property=\"og:site_name\" content=\"HOC INFO\" \/>\n<meta property=\"article:publisher\" content=\"https:\/\/www.facebook.com\/hocinfo\" \/>\n<meta property=\"article:modified_time\" content=\"2016-10-19T15:59:41+00:00\" \/>\n<meta name=\"twitter:card\" content=\"summary_large_image\" \/>\n<meta name=\"twitter:label1\" content=\"Dur\u00e9e de lecture estim\u00e9e\" \/>\n\t<meta name=\"twitter:data1\" content=\"5 minutes\" \/>\n<script type=\"application\/ld+json\" class=\"yoast-schema-graph\">{\"@context\":\"https:\/\/schema.org\",\"@graph\":[{\"@type\":\"WebPage\",\"@id\":\"https:\/\/hocinfo.com\/index.php\/conduite-de-projets\/\",\"url\":\"https:\/\/hocinfo.com\/index.php\/conduite-de-projets\/\",\"name\":\"Conduite de projets - HOC INFO\",\"isPartOf\":{\"@id\":\"https:\/\/hocinfo.com\/#website\"},\"datePublished\":\"2016-10-19T15:52:28+00:00\",\"dateModified\":\"2016-10-19T15:59:41+00:00\",\"breadcrumb\":{\"@id\":\"https:\/\/hocinfo.com\/index.php\/conduite-de-projets\/#breadcrumb\"},\"inLanguage\":\"fr-FR\",\"potentialAction\":[{\"@type\":\"ReadAction\",\"target\":[\"https:\/\/hocinfo.com\/index.php\/conduite-de-projets\/\"]}]},{\"@type\":\"BreadcrumbList\",\"@id\":\"https:\/\/hocinfo.com\/index.php\/conduite-de-projets\/#breadcrumb\",\"itemListElement\":[{\"@type\":\"ListItem\",\"position\":1,\"name\":\"Accueil\",\"item\":\"https:\/\/hocinfo.com\/\"},{\"@type\":\"ListItem\",\"position\":2,\"name\":\"Conduite de projets\"}]},{\"@type\":\"WebSite\",\"@id\":\"https:\/\/hocinfo.com\/#website\",\"url\":\"https:\/\/hocinfo.com\/\",\"name\":\"HOC INFO\",\"description\":\"Sp\u00e9cialiste de la gestion de projets Datacenter : conception, r\u00e9habilitation et transfert de salles informatiques\",\"publisher\":{\"@id\":\"https:\/\/hocinfo.com\/#organization\"},\"potentialAction\":[{\"@type\":\"SearchAction\",\"target\":{\"@type\":\"EntryPoint\",\"urlTemplate\":\"https:\/\/hocinfo.com\/?s={search_term_string}\"},\"query-input\":{\"@type\":\"PropertyValueSpecification\",\"valueRequired\":true,\"valueName\":\"search_term_string\"}}],\"inLanguage\":\"fr-FR\"},{\"@type\":\"Organization\",\"@id\":\"https:\/\/hocinfo.com\/#organization\",\"name\":\"HOC INFO\",\"url\":\"https:\/\/hocinfo.com\/\",\"logo\":{\"@type\":\"ImageObject\",\"inLanguage\":\"fr-FR\",\"@id\":\"https:\/\/hocinfo.com\/#\/schema\/logo\/image\/\",\"url\":\"https:\/\/hocinfo.fr\/wp-content\/uploads\/2016\/10\/logo-250x160-1.png\",\"contentUrl\":\"https:\/\/hocinfo.fr\/wp-content\/uploads\/2016\/10\/logo-250x160-1.png\",\"width\":250,\"height\":160,\"caption\":\"HOC INFO\"},\"image\":{\"@id\":\"https:\/\/hocinfo.com\/#\/schema\/logo\/image\/\"},\"sameAs\":[\"https:\/\/www.facebook.com\/hocinfo\",\"https:\/\/www.linkedin.com\/company-beta\/9381263\/?pathWildcard=9381263\"]}]}<\/script>\n<!-- \/ Yoast SEO plugin. -->","yoast_head_json":{"title":"Conduite de projets - HOC INFO","robots":{"index":"index","follow":"follow","max-snippet":"max-snippet:-1","max-image-preview":"max-image-preview:large","max-video-preview":"max-video-preview:-1"},"canonical":"https:\/\/hocinfo.com\/index.php\/conduite-de-projets\/","og_locale":"fr_FR","og_type":"article","og_title":"Conduite de projets - HOC INFO","og_description":"Nos intervenants consultants &amp; chefs de projets sont tous seniors, certifi\u00e9s ITIL V3 et peuvent intervenir sur les prestations suivantes [&hellip;]","og_url":"https:\/\/hocinfo.com\/index.php\/conduite-de-projets\/","og_site_name":"HOC INFO","article_publisher":"https:\/\/www.facebook.com\/hocinfo","article_modified_time":"2016-10-19T15:59:41+00:00","twitter_card":"summary_large_image","twitter_misc":{"Dur\u00e9e de lecture estim\u00e9e":"5 minutes"},"schema":{"@context":"https:\/\/schema.org","@graph":[{"@type":"WebPage","@id":"https:\/\/hocinfo.com\/index.php\/conduite-de-projets\/","url":"https:\/\/hocinfo.com\/index.php\/conduite-de-projets\/","name":"Conduite de projets - HOC INFO","isPartOf":{"@id":"https:\/\/hocinfo.com\/#website"},"datePublished":"2016-10-19T15:52:28+00:00","dateModified":"2016-10-19T15:59:41+00:00","breadcrumb":{"@id":"https:\/\/hocinfo.com\/index.php\/conduite-de-projets\/#breadcrumb"},"inLanguage":"fr-FR","potentialAction":[{"@type":"ReadAction","target":["https:\/\/hocinfo.com\/index.php\/conduite-de-projets\/"]}]},{"@type":"BreadcrumbList","@id":"https:\/\/hocinfo.com\/index.php\/conduite-de-projets\/#breadcrumb","itemListElement":[{"@type":"ListItem","position":1,"name":"Accueil","item":"https:\/\/hocinfo.com\/"},{"@type":"ListItem","position":2,"name":"Conduite de projets"}]},{"@type":"WebSite","@id":"https:\/\/hocinfo.com\/#website","url":"https:\/\/hocinfo.com\/","name":"HOC INFO","description":"Sp\u00e9cialiste de la gestion de projets Datacenter : conception, r\u00e9habilitation et transfert de salles informatiques","publisher":{"@id":"https:\/\/hocinfo.com\/#organization"},"potentialAction":[{"@type":"SearchAction","target":{"@type":"EntryPoint","urlTemplate":"https:\/\/hocinfo.com\/?s={search_term_string}"},"query-input":{"@type":"PropertyValueSpecification","valueRequired":true,"valueName":"search_term_string"}}],"inLanguage":"fr-FR"},{"@type":"Organization","@id":"https:\/\/hocinfo.com\/#organization","name":"HOC INFO","url":"https:\/\/hocinfo.com\/","logo":{"@type":"ImageObject","inLanguage":"fr-FR","@id":"https:\/\/hocinfo.com\/#\/schema\/logo\/image\/","url":"https:\/\/hocinfo.fr\/wp-content\/uploads\/2016\/10\/logo-250x160-1.png","contentUrl":"https:\/\/hocinfo.fr\/wp-content\/uploads\/2016\/10\/logo-250x160-1.png","width":250,"height":160,"caption":"HOC INFO"},"image":{"@id":"https:\/\/hocinfo.com\/#\/schema\/logo\/image\/"},"sameAs":["https:\/\/www.facebook.com\/hocinfo","https:\/\/www.linkedin.com\/company-beta\/9381263\/?pathWildcard=9381263"]}]}},"_links":{"self":[{"href":"https:\/\/hocinfo.com\/index.php\/wp-json\/wp\/v2\/pages\/2789","targetHints":{"allow":["GET"]}}],"collection":[{"href":"https:\/\/hocinfo.com\/index.php\/wp-json\/wp\/v2\/pages"}],"about":[{"href":"https:\/\/hocinfo.com\/index.php\/wp-json\/wp\/v2\/types\/page"}],"author":[{"embeddable":true,"href":"https:\/\/hocinfo.com\/index.php\/wp-json\/wp\/v2\/users\/1"}],"replies":[{"embeddable":true,"href":"https:\/\/hocinfo.com\/index.php\/wp-json\/wp\/v2\/comments?post=2789"}],"version-history":[{"count":32,"href":"https:\/\/hocinfo.com\/index.php\/wp-json\/wp\/v2\/pages\/2789\/revisions"}],"predecessor-version":[{"id":2829,"href":"https:\/\/hocinfo.com\/index.php\/wp-json\/wp\/v2\/pages\/2789\/revisions\/2829"}],"wp:attachment":[{"href":"https:\/\/hocinfo.com\/index.php\/wp-json\/wp\/v2\/media?parent=2789"}],"curies":[{"name":"wp","href":"https:\/\/api.w.org\/{rel}","templated":true}]}}